{"id":332,"date":"2017-02-25T20:33:48","date_gmt":"2017-02-25T20:33:48","guid":{"rendered":"http:\/\/d2r2.clavalem.com:8080\/?page_id=116"},"modified":"2025-03-21T17:06:35","modified_gmt":"2025-03-21T16:06:35","slug":"team","status":"publish","type":"page","link":"http:\/\/www.aktitude.fr\/index.php\/team\/","title":{"rendered":"Equipe"},"content":{"rendered":"\n<div class=\"wp-block-columns is-layout-flex wp-container-core-columns-is-layout-9d6595d7 wp-block-columns-is-layout-flex\">\n<div class=\"wp-block-column is-layout-flow wp-block-column-is-layout-flow\" style=\"flex-basis:33.33%\">\n<p class=\"has-text-align-center\"><img loading=\"lazy\" decoding=\"async\" width=\"150\" height=\"150\" class=\"wp-image-517\" style=\"width: 150px;\" src=\"http:\/\/www.aktitude.fr\/wp-content\/uploads\/2017\/02\/Coralie_Detoure.jpg\" alt=\"\"><\/p>\n\n\n\n<p class=\"has-text-align-center\"><strong>Coralie Martin <\/strong>&#8211; Consultante Fondatrice<br><a href=\"http:\/\/www.linkedin.com\/in\/coralie-martin\"><img loading=\"lazy\" decoding=\"async\" width=\"72\" height=\"19\" class=\"wp-image-1357\" style=\"width: 72px;\" src=\"http:\/\/www.aktitude.fr\/wp-content\/uploads\/2025\/03\/linkedin-blue.png\" alt=\"www.linkedin.com\/in\/coralie-martin\" srcset=\"http:\/\/www.aktitude.fr\/wp-content\/uploads\/2025\/03\/linkedin-blue.png 442w, http:\/\/www.aktitude.fr\/wp-content\/uploads\/2025\/03\/linkedin-blue-300x77.png 300w\" sizes=\"auto, (max-width: 72px) 100vw, 72px\" \/><\/a><\/p>\n<\/div>\n\n\n\n<div class=\"wp-block-column is-layout-flow wp-block-column-is-layout-flow\" style=\"flex-basis:66.66%\">\n<blockquote class=\"wp-block-quote is-layout-flow wp-block-quote-is-layout-flow\">\n<p>J\u2019ai b\u00e2ti mon expertise en entreprise en occupant des postes \u00e0 responsabilit\u00e9s strat\u00e9giques, op\u00e9rationnelles et manag\u00e9riales, en France et \u00e0 l\u2019international. Dans des secteurs en constante transformation et guid\u00e9s par l\u2019innovation, j\u2019ai cr\u00e9\u00e9, d\u00e9velopp\u00e9 et restructur\u00e9 de nombreuses activit\u00e9s. En encadrant des \u00e9quipes pluridisciplinaires, j\u2019ai appris \u00e0 g\u00e9rer la complexit\u00e9, \u00e0 m\u2019adapter, \u00e0 remettre en question et \u00e0 r\u00e9inventer en permanence les outils, les processus et les m\u00e9tiers.<\/p>\n\n\n\n<p>J\u2019aime travailler avec des profils vari\u00e9s, analyser des enjeux complexes, apporter des solutions et contribuer au d\u00e9veloppement des individus et des organisations.<\/p>\n<\/blockquote>\n<\/div>\n<\/div>\n\n\n\n<p class=\"has-text-align-center\"><strong> AKTITUDE DISPOSE D\u2019UN RESEAU DE CONSULTANTS ET DE PARTENAIRES PRIVILEGIES<br><\/strong><strong>POUR RELEVER TOUS VOS DEFIS DE TRANSFORMATION.<\/strong><\/p>\n","protected":false},"excerpt":{"rendered":"<p>Coralie Martin &#8211; Consultante Fondatrice J\u2019ai b\u00e2ti mon expertise en entreprise en occupant des postes \u00e0 responsabilit\u00e9s strat\u00e9giques, op\u00e9rationnelles et manag\u00e9riales, en France et \u00e0 l\u2019international. Dans des secteurs en &#8230;<\/p>\n","protected":false},"author":1,"featured_media":0,"parent":0,"menu_order":0,"comment_status":"closed","ping_status":"closed","template":"template-fullwidth.php","meta":{"footnotes":""},"class_list":["post-332","page","type-page","status-publish","hentry"],"_links":{"self":[{"href":"http:\/\/www.aktitude.fr\/index.php\/wp-json\/wp\/v2\/pages\/332","targetHints":{"allow":["GET"]}}],"collection":[{"href":"http:\/\/www.aktitude.fr\/index.php\/wp-json\/wp\/v2\/pages"}],"about":[{"href":"http:\/\/www.aktitude.fr\/index.php\/wp-json\/wp\/v2\/types\/page"}],"author":[{"embeddable":true,"href":"http:\/\/www.aktitude.fr\/index.php\/wp-json\/wp\/v2\/users\/1"}],"replies":[{"embeddable":true,"href":"http:\/\/www.aktitude.fr\/index.php\/wp-json\/wp\/v2\/comments?post=332"}],"version-history":[{"count":29,"href":"http:\/\/www.aktitude.fr\/index.php\/wp-json\/wp\/v2\/pages\/332\/revisions"}],"predecessor-version":[{"id":1367,"href":"http:\/\/www.aktitude.fr\/index.php\/wp-json\/wp\/v2\/pages\/332\/revisions\/1367"}],"wp:attachment":[{"href":"http:\/\/www.aktitude.fr\/index.php\/wp-json\/wp\/v2\/media?parent=332"}],"curies":[{"name":"wp","href":"https:\/\/api.w.org\/{rel}","templated":true}]}}